{"id":57,"date":"2020-08-21T00:36:13","date_gmt":"2020-08-20T22:36:13","guid":{"rendered":"https:\/\/caprauna.com\/?page_id=57"},"modified":"2020-10-12T15:53:12","modified_gmt":"2020-10-12T13:53:12","slug":"caprauna","status":"publish","type":"page","link":"https:\/\/caprauna.com\/?page_id=57","title":{"rendered":"Caprauna"},"content":{"rendered":"<p>[et_pb_section fb_built=&#8221;1&#8243; _builder_version=&#8221;4.5.7&#8243; _module_preset=&#8221;default&#8221;][et_pb_row _builder_version=&#8221;4.5.7&#8243; _module_preset=&#8221;default&#8221; hover_enabled=&#8221;0&#8243; column_structure=&#8221;1_2,1_2&#8243;][et_pb_column type=&#8221;1_2&#8243; _builder_version=&#8221;4.5.7&#8243; _module_preset=&#8221;default&#8221;][et_pb_text _builder_version=&#8221;4.5.7&#8243; _module_preset=&#8221;default&#8221;]<\/p>\n<h1><span>CAPRAUNA<\/span><\/h1>\n<p>Caprauna \u00e8 un paese con 5 frazioni (Case Sottane, Case mezzane, Chiazzuola, Poggio e Ruora) che si estende su una superficie di 11,5 km2 e conta 104 abitanti (31\/12\/2017) \u00c8 situato nella parte terminale della\u00a0Val Pennavaire\u00a0nel versante marittimo\/ligure delle Alpi.<\/p>\n<p><span>Le sue vicende storiche sono un tutt&#8217;uno con quelle di Alto, poich\u00e9 in passato i due comuni costituivano un unico feudo. Incerta \u00e8 l&#8217;origine del toponimo: mancano attestazioni latine sicure da affiancare a quelle piuttosto dubbie di alcuni studiosi, che fanno riferimento a &#8220;Caprania&#8221;, a &#8220;Capraunia&#8221; e a &#8220;Capravina&#8221;, da &#8220;Capranica&#8221;, derivato di &#8220;capra&#8221;. Non manca chi ritiene che la denominazione del borgo vada riportata al latino CLAVIS UNA, avente il significato di &#8216;fedele a uno solo&#8217;. Compresa, nell&#8217;XI secolo, nel marchesato di Savona e attribuita a Bonifacio del Vasto, fu poi assegnata al nobile casato dei Del Carretto, i quali, nella prima met\u00e0 del 1300, la cedettero ai Cepollini. Successivamente torn\u00f2 ai marchesi di Savona, che furono confermati nella reggenza del feudo fino alla seconda met\u00e0 del XVI secolo. Nel 1700, a seguito del trattato di Vienna, venne annessa allo stato sabaudo. Luogo di passaggio di vari eserciti, nel corso del XVIII secolo, durante l&#8217;invasione napoleonica entr\u00f2 a far parte dell&#8217;impero francese. Gravemente colpita da un terremoto, sul finire del 1800, partecip\u00f2 alle successive vicende nazionali e internazionali. Gli elementi pi\u00f9 interessanti del patrimonio storico-artistico appartengono all&#8217;architettura sacra: la cinquecentesca parrocchiale di Sant&#8217;Antonio, restaurata di recente, con un pregevole altare barocco e un elegante campanile, del XVIII secolo; l&#8217;adiacente chiesetta della confraternita di San Bartolomeo, di antica fondazione; una costruzione in pietra, di forme baroccheggianti, edificata in onore di San Rocco, a Ruora.<\/span><\/p>\n<p><span><\/span><\/p>\n<p><span><\/span><\/p>\n<p>[\/et_pb_text][\/et_pb_column][et_pb_column type=&#8221;1_2&#8243; _builder_version=&#8221;4.5.7&#8243; _module_preset=&#8221;default&#8221; hover_enabled=&#8221;0&#8243;][et_pb_image _builder_version=&#8221;4.5.7&#8243; _module_preset=&#8221;default&#8221; src=&#8221;https:\/\/caprauna.com\/wp-content\/uploads\/2020\/10\/Caprauna-Stemma.png&#8221; hover_enabled=&#8221;0&#8243; title_text=&#8221;Caprauna-Stemma&#8221; align=&#8221;center&#8221;][\/et_pb_image][et_pb_text _builder_version=&#8221;4.5.7&#8243; _module_preset=&#8221;default&#8221; hover_enabled=&#8221;0&#8243;]<\/p>\n<p>fonte immagine wikipedia.<\/p>\n<p>altre info su\u00a0<a href=\"https:\/\/it.wikipedia.org\/wiki\/Caprauna\">https:\/\/it.wikipedia.org\/wiki\/Caprauna<\/a>\u00a0<\/p>\n<p>[\/et_pb_text][\/et_pb_column][\/et_pb_row][et_pb_row _builder_version=&#8221;4.5.7&#8243; _module_preset=&#8221;default&#8221;][et_pb_column type=&#8221;4_4&#8243; _builder_version=&#8221;4.5.7&#8243; _module_preset=&#8221;default&#8221;][et_pb_text _builder_version=&#8221;4.5.7&#8243; _module_preset=&#8221;default&#8221;]<\/p>\n<h1>ASSOCIAZIONI SUL TERRITORIO<\/h1>\n<p>[\/et_pb_text][\/et_pb_column][\/et_pb_row][et_pb_row column_structure=&#8221;1_2,1_2&#8243; _builder_version=&#8221;4.5.7&#8243; _module_preset=&#8221;default&#8221;][et_pb_column type=&#8221;1_2&#8243; _builder_version=&#8221;4.5.7&#8243; _module_preset=&#8221;default&#8221;][et_pb_text _builder_version=&#8221;4.5.7&#8243; _module_preset=&#8221;default&#8221;]<\/p>\n<h3>PRO LOCO CAPRAUNA<\/h3>\n<p><span>L&#8217;associazione Pro Loco Caprauna si occupa di promuovere il paese tramite attivit\u00e0 ed organizzazione di eventi.<\/span><\/p>\n<p><a href=\"https:\/\/www.facebook.com\/proloco.caprauna\">www.facebook.com\/proloco.caprauna<\/a><\/p>\n<p>[\/et_pb_text][et_pb_text _builder_version=&#8221;4.5.7&#8243; _module_preset=&#8221;default&#8221;]<\/p>\n<h3>AMICI PER CAPRAUNA<\/h3>\n<p><span>L\u2019associazione \u00e8 apartitica, non ha scopo di lucro e svolge attivit\u00e0 di promozione e utilit\u00e0 sociale.<\/span><\/p>\n<p><a href=\"https:\/\/www.facebook.com\/Amici-per-Caprauna-1779302538967585\/\">www.facebook.com\/Amici-per-Caprauna-1779302538967585\/<\/a><\/p>\n<p>[\/et_pb_text][\/et_pb_column][et_pb_column type=&#8221;1_2&#8243; _builder_version=&#8221;4.5.7&#8243; _module_preset=&#8221;default&#8221;][et_pb_text _builder_version=&#8221;4.5.7&#8243; _module_preset=&#8221;default&#8221;]<\/p>\n<h3>L&#8217;ISOLA DI CAPRAUNICA<\/h3>\n<p>Associazione no profit, fondata su\u00a0<span>ideali di\u00a0<\/span>condivisione,\u00a0non violenza e sostenibilit\u00e0\u00a0ambientale. Attiva per il recupero e ripopolamento del paese.<\/p>\n<p><a href=\"http:\/\/www.capraunica.org\">www.capraunica.org<\/a><\/p>\n<p>[\/et_pb_text][\/et_pb_column][\/et_pb_row][et_pb_row _builder_version=&#8221;4.5.7&#8243; _module_preset=&#8221;default&#8221;][et_pb_column type=&#8221;4_4&#8243; _builder_version=&#8221;4.5.7&#8243; _module_preset=&#8221;default&#8221;][et_pb_text _builder_version=&#8221;4.5.7&#8243; _module_preset=&#8221;default&#8221;]<\/p>\n<h1>ATTIVITA&#8217; COMMERCIALI<\/h1>\n<h3 class=\"page-title\"><\/h3>\n<h3 class=\"page-title\"><\/h3>\n<h3 class=\"page-title\">Alimentari di Cepollino Anna<\/h3>\n<p><span style=\"font-size: 14px;\"><\/span><\/p>\n<p><span style=\"font-size: 14px;\">Piazza S.antonino, Caprauna, CN 12070<\/span><\/p>\n<p><span style=\"font-size: 14px;\">tel. 0174.391814<\/span><\/p>\n<p>&nbsp;<\/p>\n<p>&nbsp;<\/p>\n<p>&nbsp;<\/p>\n<p>[\/et_pb_text][\/et_pb_column][\/et_pb_row][\/et_pb_section]<\/p>\n","protected":false},"excerpt":{"rendered":"<p>CAPRAUNA Caprauna \u00e8 un paese con 5 frazioni (Case Sottane, Case mezzane, Chiazzuola, Poggio e Ruora) che si estende su una superficie di 11,5 km2 e conta 104 abitanti (31\/12\/2017) \u00c8 situato nella parte terminale della\u00a0Val Pennavaire\u00a0nel versante marittimo\/ligure delle Alpi. Le sue vicende storiche sono un tutt&#8217;uno con quelle di Alto, poich\u00e9 in passato [&hellip;]<\/p>\n","protected":false},"author":1,"featured_media":0,"parent":0,"menu_order":0,"comment_status":"closed","ping_status":"closed","template":"","meta":{"_et_pb_use_builder":"on","_et_pb_old_content":"","_et_gb_content_width":"","footnotes":""},"class_list":["post-57","page","type-page","status-publish","hentry"],"_links":{"self":[{"href":"https:\/\/caprauna.com\/index.php?rest_route=\/wp\/v2\/pages\/57","targetHints":{"allow":["GET"]}}],"collection":[{"href":"https:\/\/caprauna.com\/index.php?rest_route=\/wp\/v2\/pages"}],"about":[{"href":"https:\/\/caprauna.com\/index.php?rest_route=\/wp\/v2\/types\/page"}],"author":[{"embeddable":true,"href":"https:\/\/caprauna.com\/index.php?rest_route=\/wp\/v2\/users\/1"}],"replies":[{"embeddable":true,"href":"https:\/\/caprauna.com\/index.php?rest_route=%2Fwp%2Fv2%2Fcomments&post=57"}],"version-history":[{"count":5,"href":"https:\/\/caprauna.com\/index.php?rest_route=\/wp\/v2\/pages\/57\/revisions"}],"predecessor-version":[{"id":244,"href":"https:\/\/caprauna.com\/index.php?rest_route=\/wp\/v2\/pages\/57\/revisions\/244"}],"wp:attachment":[{"href":"https:\/\/caprauna.com\/index.php?rest_route=%2Fwp%2Fv2%2Fmedia&parent=57"}],"curies":[{"name":"wp","href":"https:\/\/api.w.org\/{rel}","templated":true}]}}